{"id":381,"date":"2022-08-05T19:47:58","date_gmt":"2022-08-05T17:47:58","guid":{"rendered":"https:\/\/dominikahudziak.pl\/?page_id=381"},"modified":"2022-08-05T19:49:06","modified_gmt":"2022-08-05T17:49:06","slug":"gallery","status":"publish","type":"page","link":"https:\/\/dominikahudziak.pl\/index.php\/en\/gallery\/","title":{"rendered":"Photos&#038;Videos"},"content":{"rendered":"\t\t<div data-elementor-type=\"wp-page\" data-elementor-id=\"381\" class=\"elementor elementor-381\">\n\t\t\t\t\t\t<section class=\"elementor-section elementor-top-section elementor-element elementor-element-b234606 elementor-section-boxed elementor-section-height-default elementor-section-height-default\" data-id=\"b234606\" data-element_type=\"section\" data-e-type=\"section\">\n\t\t\t\t\t\t<div class=\"elementor-container elementor-column-gap-default\">\n\t\t\t\t\t<div class=\"elementor-column elementor-col-100 elementor-top-column elementor-element elementor-element-81f197c\" data-id=\"81f197c\" data-element_type=\"column\" data-e-type=\"column\">\n\t\t\t<div class=\"elementor-widget-wrap elementor-element-populated\">\n\t\t\t\t\t\t<div class=\"elementor-element elementor-element-d48f60b elementor-widget-divider--view-line elementor-widget elementor-widget-divider\" data-id=\"d48f60b\" data-element_type=\"widget\" data-e-type=\"widget\" data-widget_type=\"divider.default\">\n\t\t\t\t<div class=\"elementor-widget-container\">\n\t\t\t\t\t\t\t<div class=\"elementor-divider\">\n\t\t\t<span class=\"elementor-divider-separator\">\n\t\t\t\t\t\t<\/span>\n\t\t<\/div>\n\t\t\t\t\t\t<\/div>\n\t\t\t\t<\/div>\n\t\t\t\t<div class=\"elementor-element elementor-element-07d39e7 elementor-widget elementor-widget-heading\" data-id=\"07d39e7\" data-element_type=\"widget\" data-e-type=\"widget\" data-widget_type=\"heading.default\">\n\t\t\t\t<div class=\"elementor-widget-container\">\n\t\t\t\t\t<h2 class=\"elementor-heading-title elementor-size-default\">Photos<\/h2>\t\t\t\t<\/div>\n\t\t\t\t<\/div>\n\t\t\t\t\t<\/div>\n\t\t<\/div>\n\t\t\t\t\t<\/div>\n\t\t<\/section>\n\t\t\t\t<section class=\"elementor-section elementor-top-section elementor-element elementor-element-e11b989 elementor-section-boxed elementor-section-height-default elementor-section-height-default\" data-id=\"e11b989\" data-element_type=\"section\" data-e-type=\"section\">\n\t\t\t\t\t\t<div class=\"elementor-container elementor-column-gap-default\">\n\t\t\t\t\t<div class=\"elementor-column elementor-col-100 elementor-top-column elementor-element elementor-element-b41a49f\" data-id=\"b41a49f\" data-element_type=\"column\" data-e-type=\"column\">\n\t\t\t<div class=\"elementor-widget-wrap elementor-element-populated\">\n\t\t\t\t\t\t<div class=\"elementor-element elementor-element-71bd015 elementor-arrows-position-outside elementor-pagination-position-outside elementor-widget elementor-widget-image-carousel\" data-id=\"71bd015\" data-element_type=\"widget\" data-e-type=\"widget\" data-settings=\"{&quot;slides_to_show&quot;:&quot;2&quot;,&quot;slides_to_scroll&quot;:&quot;2&quot;,&quot;navigation&quot;:&quot;both&quot;,&quot;autoplay&quot;:&quot;yes&quot;,&quot;pause_on_hover&quot;:&quot;yes&quot;,&quot;pause_on_interaction&quot;:&quot;yes&quot;,&quot;autoplay_speed&quot;:5000,&quot;infinite&quot;:&quot;yes&quot;,&quot;speed&quot;:500}\" data-widget_type=\"image-carousel.default\">\n\t\t\t\t<div class=\"elementor-widget-container\">\n\t\t\t\t\t\t\t<div class=\"elementor-image-carousel-wrapper swiper\" role=\"region\" aria-roledescription=\"carousel\" aria-label=\"Image Carousel\" dir=\"ltr\">\n\t\t\t<div class=\"elementor-image-carousel swiper-wrapper\" aria-live=\"off\">\n\t\t\t\t\t\t\t\t<div class=\"swiper-slide\" role=\"group\" aria-roledescription=\"slide\" aria-label=\"1 of 14\"><figure class=\"swiper-slide-inner\"><img decoding=\"async\" class=\"swiper-slide-image\" src=\"https:\/\/dominikahudziak.pl\/wp-content\/uploads\/elementor\/thumbs\/1-TRYMESTR-PROFIL-pmorz3or13m258vkurixcxaondi5mglqgypt6kp8ck.jpg\" alt=\"1 TRYMESTR PROFIL\" \/><\/figure><\/div><div class=\"swiper-slide\" role=\"group\" aria-roledescription=\"slide\" aria-label=\"2 of 14\"><figure class=\"swiper-slide-inner\"><img decoding=\"async\" class=\"swiper-slide-image\" src=\"https:\/\/dominikahudziak.pl\/wp-content\/uploads\/elementor\/thumbs\/1-TRYMESTR-pmorz4ml7xncguu7p9xjxf258rdiu5pgt3danunu5s.jpg\" alt=\"1 TRYMESTR\" \/><\/figure><\/div><div class=\"swiper-slide\" role=\"group\" aria-roledescription=\"slide\" aria-label=\"3 of 14\"><figure class=\"swiper-slide-inner\"><img decoding=\"async\" class=\"swiper-slide-image\" src=\"https:\/\/dominikahudziak.pl\/wp-content\/uploads\/elementor\/thumbs\/BUZIA-1-pmorz5kferomsgsujsc6hwtlu58w1ut7580s54mg04.jpg\" alt=\"BUZIA 1\" \/><\/figure><\/div><div class=\"swiper-slide\" role=\"group\" aria-roledescription=\"slide\" aria-label=\"4 of 14\"><figure class=\"swiper-slide-inner\"><img decoding=\"async\" class=\"swiper-slide-image\" src=\"https:\/\/dominikahudziak.pl\/wp-content\/uploads\/elementor\/thumbs\/BUZIA-3-pmorz6i9llpx42rheaqt2el2fj499jwxhco9mel1tw.jpg\" alt=\"BUZIA 3\" \/><\/figure><\/div><div class=\"swiper-slide\" role=\"group\" aria-roledescription=\"slide\" aria-label=\"5 of 14\"><figure class=\"swiper-slide-inner\"><img decoding=\"async\" class=\"swiper-slide-image\" src=\"https:\/\/dominikahudziak.pl\/wp-content\/uploads\/elementor\/thumbs\/BUZIA-4-pmorz8dxz9shraor3bk27e3zmauzoy4e5lz8kyi9hq.jpg\" alt=\"BUZIA 4\" \/><\/figure><\/div><div class=\"swiper-slide\" role=\"group\" aria-roledescription=\"slide\" aria-label=\"6 of 14\"><figure class=\"swiper-slide-inner\"><img decoding=\"async\" class=\"swiper-slide-image\" src=\"https:\/\/dominikahudziak.pl\/wp-content\/uploads\/elementor\/thumbs\/BUZIA-5-pmorz9bs63ts2wndxtyorvvg7oqcwn84hqmq28gvay.jpg\" alt=\"BUZIA 5\" \/><\/figure><\/div><div class=\"swiper-slide\" role=\"group\" aria-roledescription=\"slide\" aria-label=\"7 of 14\"><figure class=\"swiper-slide-inner\"><img decoding=\"async\" class=\"swiper-slide-image\" src=\"https:\/\/dominikahudziak.pl\/wp-content\/uploads\/elementor\/thumbs\/BUZIA-7-pmorza9mcxv2eim0scdbcdmwt2lq4cbutva7jifh5a.jpg\" alt=\"BUZIA 7\" \/><\/figure><\/div><div class=\"swiper-slide\" role=\"group\" aria-roledescription=\"slide\" aria-label=\"8 of 14\"><figure class=\"swiper-slide-inner\"><img decoding=\"async\" class=\"swiper-slide-image\" src=\"https:\/\/dominikahudziak.pl\/wp-content\/uploads\/elementor\/thumbs\/BUZIA-8-pmorzb7gjrwcq4knmurxwvedegh3c1fl5zxp0se2yi.jpg\" alt=\"BUZIA 8\" \/><\/figure><\/div><div class=\"swiper-slide\" role=\"group\" aria-roledescription=\"slide\" aria-label=\"9 of 14\"><figure class=\"swiper-slide-inner\"><img decoding=\"async\" class=\"swiper-slide-image\" src=\"https:\/\/dominikahudziak.pl\/wp-content\/uploads\/elementor\/thumbs\/BUZIA-I-REKA-pmorzd34xfyxdchxbvl71uxal87trfn1u98nzcbals.jpg\" alt=\"BUZIA I R\u0118KA\" \/><\/figure><\/div><div class=\"swiper-slide\" role=\"group\" aria-roledescription=\"slide\" aria-label=\"10 of 14\"><figure class=\"swiper-slide-inner\"><img decoding=\"async\" class=\"swiper-slide-image\" src=\"https:\/\/dominikahudziak.pl\/wp-content\/uploads\/elementor\/thumbs\/plecy-pmorze0z4a07oygk6dztmcor6m36z4qs6dw5gm9wka.jpg\" alt=\"plecy\" \/><\/figure><\/div><div class=\"swiper-slide\" role=\"group\" aria-roledescription=\"slide\" aria-label=\"11 of 14\"><figure class=\"swiper-slide-inner\"><img decoding=\"async\" class=\"swiper-slide-image\" src=\"https:\/\/dominikahudziak.pl\/wp-content\/uploads\/elementor\/thumbs\/rece-i-nogi-pmorzguhos42nscgpx7pbtz4yrpam81z6rulwg5pyu.jpg\" alt=\"r\u0119ce i nogi\" \/><\/figure><\/div><div class=\"swiper-slide\" role=\"group\" aria-roledescription=\"slide\" aria-label=\"12 of 14\"><figure class=\"swiper-slide-inner\"><img decoding=\"async\" class=\"swiper-slide-image\" src=\"https:\/\/dominikahudziak.pl\/wp-content\/uploads\/elementor\/thumbs\/rece-pmorziq62g6nb09qey0ygti25jg11m9fv15kv02xlu.jpg\" alt=\"r\u0119ce\" \/><\/figure><\/div><div class=\"swiper-slide\" role=\"group\" aria-roledescription=\"slide\" aria-label=\"13 of 14\"><figure class=\"swiper-slide-inner\"><img decoding=\"async\" class=\"swiper-slide-image\" src=\"https:\/\/dominikahudziak.pl\/wp-content\/uploads\/elementor\/thumbs\/REKA-pmorzljomyai9u5myh8u6asfxp24opkmvf41atyr1s.jpg\" alt=\"R\u0118KA\" \/><\/figure><\/div><div class=\"swiper-slide\" role=\"group\" aria-roledescription=\"slide\" aria-label=\"14 of 14\"><figure class=\"swiper-slide-inner\"><img decoding=\"async\" class=\"swiper-slide-image\" src=\"https:\/\/dominikahudziak.pl\/wp-content\/uploads\/elementor\/thumbs\/ucho-pmorzmhitsbslg49szngqsjwj2xhweod7jris3xcwy.jpg\" alt=\"ucho\" \/><\/figure><\/div>\t\t\t<\/div>\n\t\t\t\t\t\t\t\t\t\t\t\t<div class=\"elementor-swiper-button elementor-swiper-button-prev\" role=\"button\" tabindex=\"0\">\n\t\t\t\t\t\t<i aria-hidden=\"true\" class=\"eicon-chevron-left\"><\/i>\t\t\t\t\t<\/div>\n\t\t\t\t\t<div class=\"elementor-swiper-button elementor-swiper-button-next\" role=\"button\" tabindex=\"0\">\n\t\t\t\t\t\t<i aria-hidden=\"true\" class=\"eicon-chevron-right\"><\/i>\t\t\t\t\t<\/div>\n\t\t\t\t\n\t\t\t\t\t\t\t\t\t<div class=\"swiper-pagination\"><\/div>\n\t\t\t\t\t\t\t\t\t<\/div>\n\t\t\t\t\t\t<\/div>\n\t\t\t\t<\/div>\n\t\t\t\t\t<\/div>\n\t\t<\/div>\n\t\t\t\t\t<\/div>\n\t\t<\/section>\n\t\t\t\t<section class=\"elementor-section elementor-top-section elementor-element elementor-element-56fd54d elementor-section-boxed elementor-section-height-default elementor-section-height-default\" data-id=\"56fd54d\" data-element_type=\"section\" data-e-type=\"section\">\n\t\t\t\t\t\t<div class=\"elementor-container elementor-column-gap-default\">\n\t\t\t\t\t<div class=\"elementor-column elementor-col-100 elementor-top-column elementor-element elementor-element-7dabbba\" data-id=\"7dabbba\" data-element_type=\"column\" data-e-type=\"column\">\n\t\t\t<div class=\"elementor-widget-wrap elementor-element-populated\">\n\t\t\t\t\t\t<div class=\"elementor-element elementor-element-157ada3 elementor-widget-divider--view-line elementor-widget elementor-widget-divider\" data-id=\"157ada3\" data-element_type=\"widget\" data-e-type=\"widget\" data-widget_type=\"divider.default\">\n\t\t\t\t<div class=\"elementor-widget-container\">\n\t\t\t\t\t\t\t<div class=\"elementor-divider\">\n\t\t\t<span class=\"elementor-divider-separator\">\n\t\t\t\t\t\t<\/span>\n\t\t<\/div>\n\t\t\t\t\t\t<\/div>\n\t\t\t\t<\/div>\n\t\t\t\t<div class=\"elementor-element elementor-element-05a9c34 elementor-widget elementor-widget-heading\" data-id=\"05a9c34\" data-element_type=\"widget\" data-e-type=\"widget\" data-widget_type=\"heading.default\">\n\t\t\t\t<div class=\"elementor-widget-container\">\n\t\t\t\t\t<h2 class=\"elementor-heading-title elementor-size-default\">Videos<\/h2>\t\t\t\t<\/div>\n\t\t\t\t<\/div>\n\t\t\t\t\t<\/div>\n\t\t<\/div>\n\t\t\t\t\t<\/div>\n\t\t<\/section>\n\t\t\t\t<section class=\"elementor-section elementor-top-section elementor-element elementor-element-b4054cf elementor-section-boxed elementor-section-height-default elementor-section-height-default\" data-id=\"b4054cf\" data-element_type=\"section\" data-e-type=\"section\">\n\t\t\t\t\t\t<div class=\"elementor-container elementor-column-gap-default\">\n\t\t\t\t\t<div class=\"elementor-column elementor-col-50 elementor-top-column elementor-element elementor-element-cd3ea08\" data-id=\"cd3ea08\" data-element_type=\"column\" data-e-type=\"column\">\n\t\t\t<div class=\"elementor-widget-wrap elementor-element-populated\">\n\t\t\t\t\t\t<div class=\"elementor-element elementor-element-03d4f50 elementor-widget elementor-widget-video\" data-id=\"03d4f50\" data-element_type=\"widget\" data-e-type=\"widget\" data-settings=\"{&quot;video_type&quot;:&quot;hosted&quot;,&quot;autoplay&quot;:&quot;yes&quot;,&quot;play_on_mobile&quot;:&quot;yes&quot;,&quot;loop&quot;:&quot;yes&quot;,&quot;controls&quot;:&quot;yes&quot;}\" data-widget_type=\"video.default\">\n\t\t\t\t<div class=\"elementor-widget-container\">\n\t\t\t\t\t\t\t<div class=\"e-hosted-video elementor-wrapper elementor-open-inline\">\n\t\t\t\t\t<video class=\"elementor-video\" src=\"https:\/\/dominikahudziak.pl\/wp-content\/uploads\/2022\/03\/My-Video3.mp4\" autoplay=\"\" loop=\"\" controls=\"\" playsinline=\"\" controlsList=\"nodownload\"><\/video>\n\t\t\t\t<\/div>\n\t\t\t\t\t\t<\/div>\n\t\t\t\t<\/div>\n\t\t\t\t\t<\/div>\n\t\t<\/div>\n\t\t\t\t<div class=\"elementor-column elementor-col-50 elementor-top-column elementor-element elementor-element-6d51002\" data-id=\"6d51002\" data-element_type=\"column\" data-e-type=\"column\">\n\t\t\t<div class=\"elementor-widget-wrap elementor-element-populated\">\n\t\t\t\t\t\t<div class=\"elementor-element elementor-element-a287488 elementor-widget elementor-widget-video\" data-id=\"a287488\" data-element_type=\"widget\" data-e-type=\"widget\" data-settings=\"{&quot;video_type&quot;:&quot;hosted&quot;,&quot;autoplay&quot;:&quot;yes&quot;,&quot;play_on_mobile&quot;:&quot;yes&quot;,&quot;loop&quot;:&quot;yes&quot;,&quot;controls&quot;:&quot;yes&quot;}\" data-widget_type=\"video.default\">\n\t\t\t\t<div class=\"elementor-widget-container\">\n\t\t\t\t\t\t\t<div class=\"e-hosted-video elementor-wrapper elementor-open-inline\">\n\t\t\t\t\t<video class=\"elementor-video\" src=\"https:\/\/dominikahudziak.pl\/wp-content\/uploads\/2022\/03\/My-Video2.mp4\" autoplay=\"\" loop=\"\" controls=\"\" playsinline=\"\" controlsList=\"nodownload\"><\/video>\n\t\t\t\t<\/div>\n\t\t\t\t\t\t<\/div>\n\t\t\t\t<\/div>\n\t\t\t\t\t<\/div>\n\t\t<\/div>\n\t\t\t\t\t<\/div>\n\t\t<\/section>\n\t\t\t\t<\/div>\n\t\t","protected":false},"excerpt":{"rendered":"<p>Photos Poprzednie Nast\u0119pne Videos https:\/\/dominikahudziak.pl\/wp-content\/uploads\/2022\/03\/My-Video3.mp4https:\/\/dominikahudziak.pl\/wp-content\/uploads\/2022\/03\/My-Video2.mp4<\/p>\n","protected":false},"author":1,"featured_media":0,"parent":0,"menu_order":0,"comment_status":"closed","ping_status":"closed","template":"","meta":{"footnotes":""},"class_list":["post-381","page","type-page","status-publish","hentry"],"yoast_head":"<!-- This site is optimized with the Yoast SEO plugin v26.9 - https:\/\/yoast.com\/product\/yoast-seo-wordpress\/ -->\n<title>Photos&amp;Videos - Indywidualna Specjalistyczna Praktyka Lekarska Dominika Hudziak<\/title>\n<meta name=\"description\" content=\"Galeria zdj\u0119\u0107 i film\u00f3w\" \/>\n<meta name=\"robots\" content=\"index, follow, max-snippet:-1, max-image-preview:large, max-video-preview:-1\" \/>\n<link rel=\"canonical\" href=\"https:\/\/dominikahudziak.pl\/index.php\/en\/gallery\/\" \/>\n<meta property=\"og:locale\" content=\"pl_PL\" \/>\n<meta property=\"og:type\" content=\"article\" \/>\n<meta property=\"og:title\" content=\"Photos&amp;Videos - Indywidualna Specjalistyczna Praktyka Lekarska Dominika Hudziak\" \/>\n<meta property=\"og:description\" content=\"Galeria zdj\u0119\u0107 i film\u00f3w\" \/>\n<meta property=\"og:url\" content=\"https:\/\/dominikahudziak.pl\/index.php\/en\/gallery\/\" \/>\n<meta property=\"og:site_name\" content=\"Indywidualna Specjalistyczna Praktyka Lekarska Dominika Hudziak\" \/>\n<meta property=\"article:modified_time\" content=\"2022-08-05T17:49:06+00:00\" \/>\n<meta property=\"og:image\" content=\"https:\/\/dominikahudziak.pl\/wp-content\/uploads\/elementor\/thumbs\/1-TRYMESTR-PROFIL-pmorz3or13m258vkurixcxaondi5mglqgypt6kp8ck.jpg\" \/>\n<meta name=\"twitter:card\" content=\"summary_large_image\" \/>\n<meta name=\"twitter:label1\" content=\"Szacowany czas czytania\" \/>\n\t<meta name=\"twitter:data1\" content=\"3 minuty\" \/>\n<script type=\"application\/ld+json\" class=\"yoast-schema-graph\">{\"@context\":\"https:\/\/schema.org\",\"@graph\":[{\"@type\":\"WebPage\",\"@id\":\"https:\/\/dominikahudziak.pl\/index.php\/en\/gallery\/\",\"url\":\"https:\/\/dominikahudziak.pl\/index.php\/en\/gallery\/\",\"name\":\"Photos&Videos - Indywidualna Specjalistyczna Praktyka Lekarska Dominika Hudziak\",\"isPartOf\":{\"@id\":\"https:\/\/dominikahudziak.pl\/#website\"},\"primaryImageOfPage\":{\"@id\":\"https:\/\/dominikahudziak.pl\/index.php\/en\/gallery\/#primaryimage\"},\"image\":{\"@id\":\"https:\/\/dominikahudziak.pl\/index.php\/en\/gallery\/#primaryimage\"},\"thumbnailUrl\":\"https:\/\/dominikahudziak.pl\/wp-content\/uploads\/elementor\/thumbs\/1-TRYMESTR-PROFIL-pmorz3or13m258vkurixcxaondi5mglqgypt6kp8ck.jpg\",\"datePublished\":\"2022-08-05T17:47:58+00:00\",\"dateModified\":\"2022-08-05T17:49:06+00:00\",\"description\":\"Galeria zdj\u0119\u0107 i film\u00f3w\",\"breadcrumb\":{\"@id\":\"https:\/\/dominikahudziak.pl\/index.php\/en\/gallery\/#breadcrumb\"},\"inLanguage\":\"pl-PL\",\"potentialAction\":[{\"@type\":\"ReadAction\",\"target\":[\"https:\/\/dominikahudziak.pl\/index.php\/en\/gallery\/\"]}]},{\"@type\":\"ImageObject\",\"inLanguage\":\"pl-PL\",\"@id\":\"https:\/\/dominikahudziak.pl\/index.php\/en\/gallery\/#primaryimage\",\"url\":\"https:\/\/dominikahudziak.pl\/wp-content\/uploads\/elementor\/thumbs\/1-TRYMESTR-PROFIL-pmorz3or13m258vkurixcxaondi5mglqgypt6kp8ck.jpg\",\"contentUrl\":\"https:\/\/dominikahudziak.pl\/wp-content\/uploads\/elementor\/thumbs\/1-TRYMESTR-PROFIL-pmorz3or13m258vkurixcxaondi5mglqgypt6kp8ck.jpg\"},{\"@type\":\"BreadcrumbList\",\"@id\":\"https:\/\/dominikahudziak.pl\/index.php\/en\/gallery\/#breadcrumb\",\"itemListElement\":[{\"@type\":\"ListItem\",\"position\":1,\"name\":\"Strona g\u0142\u00f3wna\",\"item\":\"https:\/\/dominikahudziak.pl\/\"},{\"@type\":\"ListItem\",\"position\":2,\"name\":\"Photos&#038;Videos\"}]},{\"@type\":\"WebSite\",\"@id\":\"https:\/\/dominikahudziak.pl\/#website\",\"url\":\"https:\/\/dominikahudziak.pl\/\",\"name\":\"Indywidualna Specjalistyczna Praktyka Lekarska Dominika Hudziak\",\"description\":\"Gabinet ginekologiczny ul.Wyzwolenia 26\",\"potentialAction\":[{\"@type\":\"SearchAction\",\"target\":{\"@type\":\"EntryPoint\",\"urlTemplate\":\"https:\/\/dominikahudziak.pl\/?s={search_term_string}\"},\"query-input\":{\"@type\":\"PropertyValueSpecification\",\"valueRequired\":true,\"valueName\":\"search_term_string\"}}],\"inLanguage\":\"pl-PL\"}]}<\/script>\n<!-- \/ Yoast SEO plugin. -->","yoast_head_json":{"title":"Photos&Videos - Indywidualna Specjalistyczna Praktyka Lekarska Dominika Hudziak","description":"Galeria zdj\u0119\u0107 i film\u00f3w","robots":{"index":"index","follow":"follow","max-snippet":"max-snippet:-1","max-image-preview":"max-image-preview:large","max-video-preview":"max-video-preview:-1"},"canonical":"https:\/\/dominikahudziak.pl\/index.php\/en\/gallery\/","og_locale":"pl_PL","og_type":"article","og_title":"Photos&Videos - Indywidualna Specjalistyczna Praktyka Lekarska Dominika Hudziak","og_description":"Galeria zdj\u0119\u0107 i film\u00f3w","og_url":"https:\/\/dominikahudziak.pl\/index.php\/en\/gallery\/","og_site_name":"Indywidualna Specjalistyczna Praktyka Lekarska Dominika Hudziak","article_modified_time":"2022-08-05T17:49:06+00:00","og_image":[{"url":"https:\/\/dominikahudziak.pl\/wp-content\/uploads\/elementor\/thumbs\/1-TRYMESTR-PROFIL-pmorz3or13m258vkurixcxaondi5mglqgypt6kp8ck.jpg","type":"","width":"","height":""}],"twitter_card":"summary_large_image","twitter_misc":{"Szacowany czas czytania":"3 minuty"},"schema":{"@context":"https:\/\/schema.org","@graph":[{"@type":"WebPage","@id":"https:\/\/dominikahudziak.pl\/index.php\/en\/gallery\/","url":"https:\/\/dominikahudziak.pl\/index.php\/en\/gallery\/","name":"Photos&Videos - Indywidualna Specjalistyczna Praktyka Lekarska Dominika Hudziak","isPartOf":{"@id":"https:\/\/dominikahudziak.pl\/#website"},"primaryImageOfPage":{"@id":"https:\/\/dominikahudziak.pl\/index.php\/en\/gallery\/#primaryimage"},"image":{"@id":"https:\/\/dominikahudziak.pl\/index.php\/en\/gallery\/#primaryimage"},"thumbnailUrl":"https:\/\/dominikahudziak.pl\/wp-content\/uploads\/elementor\/thumbs\/1-TRYMESTR-PROFIL-pmorz3or13m258vkurixcxaondi5mglqgypt6kp8ck.jpg","datePublished":"2022-08-05T17:47:58+00:00","dateModified":"2022-08-05T17:49:06+00:00","description":"Galeria zdj\u0119\u0107 i film\u00f3w","breadcrumb":{"@id":"https:\/\/dominikahudziak.pl\/index.php\/en\/gallery\/#breadcrumb"},"inLanguage":"pl-PL","potentialAction":[{"@type":"ReadAction","target":["https:\/\/dominikahudziak.pl\/index.php\/en\/gallery\/"]}]},{"@type":"ImageObject","inLanguage":"pl-PL","@id":"https:\/\/dominikahudziak.pl\/index.php\/en\/gallery\/#primaryimage","url":"https:\/\/dominikahudziak.pl\/wp-content\/uploads\/elementor\/thumbs\/1-TRYMESTR-PROFIL-pmorz3or13m258vkurixcxaondi5mglqgypt6kp8ck.jpg","contentUrl":"https:\/\/dominikahudziak.pl\/wp-content\/uploads\/elementor\/thumbs\/1-TRYMESTR-PROFIL-pmorz3or13m258vkurixcxaondi5mglqgypt6kp8ck.jpg"},{"@type":"BreadcrumbList","@id":"https:\/\/dominikahudziak.pl\/index.php\/en\/gallery\/#breadcrumb","itemListElement":[{"@type":"ListItem","position":1,"name":"Strona g\u0142\u00f3wna","item":"https:\/\/dominikahudziak.pl\/"},{"@type":"ListItem","position":2,"name":"Photos&#038;Videos"}]},{"@type":"WebSite","@id":"https:\/\/dominikahudziak.pl\/#website","url":"https:\/\/dominikahudziak.pl\/","name":"Indywidualna Specjalistyczna Praktyka Lekarska Dominika Hudziak","description":"Gabinet ginekologiczny ul.Wyzwolenia 26","potentialAction":[{"@type":"SearchAction","target":{"@type":"EntryPoint","urlTemplate":"https:\/\/dominikahudziak.pl\/?s={search_term_string}"},"query-input":{"@type":"PropertyValueSpecification","valueRequired":true,"valueName":"search_term_string"}}],"inLanguage":"pl-PL"}]}},"_links":{"self":[{"href":"https:\/\/dominikahudziak.pl\/index.php\/wp-json\/wp\/v2\/pages\/381","targetHints":{"allow":["GET"]}}],"collection":[{"href":"https:\/\/dominikahudziak.pl\/index.php\/wp-json\/wp\/v2\/pages"}],"about":[{"href":"https:\/\/dominikahudziak.pl\/index.php\/wp-json\/wp\/v2\/types\/page"}],"author":[{"embeddable":true,"href":"https:\/\/dominikahudziak.pl\/index.php\/wp-json\/wp\/v2\/users\/1"}],"replies":[{"embeddable":true,"href":"https:\/\/dominikahudziak.pl\/index.php\/wp-json\/wp\/v2\/comments?post=381"}],"version-history":[{"count":5,"href":"https:\/\/dominikahudziak.pl\/index.php\/wp-json\/wp\/v2\/pages\/381\/revisions"}],"predecessor-version":[{"id":386,"href":"https:\/\/dominikahudziak.pl\/index.php\/wp-json\/wp\/v2\/pages\/381\/revisions\/386"}],"wp:attachment":[{"href":"https:\/\/dominikahudziak.pl\/index.php\/wp-json\/wp\/v2\/media?parent=381"}],"curies":[{"name":"wp","href":"https:\/\/api.w.org\/{rel}","templated":true}]}}