{"id":7,"date":"2019-04-17T01:11:11","date_gmt":"2019-04-16T23:11:11","guid":{"rendered":"http:\/\/dominikahudziak.pl\/?page_id=7"},"modified":"2022-08-05T19:08:08","modified_gmt":"2022-08-05T17:08:08","slug":"zakres-uslug","status":"publish","type":"page","link":"https:\/\/dominikahudziak.pl\/index.php\/pl\/zakres-uslug\/","title":{"rendered":"Zakres us\u0142ug"},"content":{"rendered":"\t\t<div data-elementor-type=\"wp-post\" data-elementor-id=\"7\" class=\"elementor elementor-7\">\n\t\t\t\t\t\t<section class=\"elementor-section elementor-top-section elementor-element elementor-element-a44a67e elementor-section-boxed elementor-section-height-default elementor-section-height-default\" data-id=\"a44a67e\" data-element_type=\"section\" data-e-type=\"section\">\n\t\t\t\t\t\t<div class=\"elementor-container elementor-column-gap-default\">\n\t\t\t\t\t<div class=\"elementor-column elementor-col-100 elementor-top-column elementor-element elementor-element-3660446\" data-id=\"3660446\" data-element_type=\"column\" data-e-type=\"column\">\n\t\t\t<div class=\"elementor-widget-wrap elementor-element-populated\">\n\t\t\t\t\t\t<div class=\"elementor-element elementor-element-8e9724e elementor-widget-divider--view-line elementor-widget elementor-widget-divider\" data-id=\"8e9724e\" data-element_type=\"widget\" data-e-type=\"widget\" data-widget_type=\"divider.default\">\n\t\t\t\t<div class=\"elementor-widget-container\">\n\t\t\t\t\t\t\t<div class=\"elementor-divider\">\n\t\t\t<span class=\"elementor-divider-separator\">\n\t\t\t\t\t\t<\/span>\n\t\t<\/div>\n\t\t\t\t\t\t<\/div>\n\t\t\t\t<\/div>\n\t\t\t\t<div class=\"elementor-element elementor-element-8dc895c elementor-widget elementor-widget-text-editor\" data-id=\"8dc895c\" data-element_type=\"widget\" data-e-type=\"widget\" data-widget_type=\"text-editor.default\">\n\t\t\t\t<div class=\"elementor-widget-container\">\n\t\t\t\t\t\t\t\t\t<p style=\"margin: 0cm 0cm 19.5pt 36pt; text-indent: -18pt; background-image: initial; background-position: initial; background-size: initial; background-repeat: initial; background-attachment: initial; background-origin: initial; background-clip: initial;\"><!--[if !supportLists]--><span style=\"font-size: 13.5pt; font-family: Wingdings;\">\u00a7<span style=\"font-variant-numeric: normal; font-variant-east-asian: normal; font-stretch: normal; font-size: 7pt; line-height: normal; font-family: &quot;Times New Roman&quot;;\">&nbsp; <\/span><\/span><!--[endif]--><b><span style=\"font-size:16.0pt;font-family:&quot;Calibri Light&quot;,sans-serif;mso-ascii-theme-font:\nmajor-latin;mso-hansi-theme-font:major-latin;mso-bidi-theme-font:major-latin;\ncolor:black\">badania profilaktyczne <\/span><\/b><b><span style=\"font-size: 13.5pt; font-family: &quot;Calibri Light&quot;, sans-serif;\"><o:p><\/o:p><\/span><\/b><\/p><p style=\"margin: 0cm 0cm 19.5pt 36pt; text-indent: -18pt; background-image: initial; background-position: initial; background-size: initial; background-repeat: initial; background-attachment: initial; background-origin: initial; background-clip: initial;\"><!--[if !supportLists]--><span style=\"font-size: 13.5pt; font-family: Wingdings;\">\u00a7<span style=\"font-variant-numeric: normal; font-variant-east-asian: normal; font-stretch: normal; font-size: 7pt; line-height: normal; font-family: &quot;Times New Roman&quot;;\">&nbsp;\n<\/span><\/span><!--[endif]--><b><span style=\"font-size:16.0pt;font-family:\n&quot;Calibri Light&quot;,sans-serif;mso-ascii-theme-font:major-latin;mso-hansi-theme-font:\nmajor-latin;mso-bidi-theme-font:major-latin;color:black\">antykoncepcja<\/span><\/b><span style=\"font-size:16.0pt;font-family:&quot;Calibri Light&quot;,sans-serif;mso-ascii-theme-font:\nmajor-latin;mso-hansi-theme-font:major-latin;mso-bidi-theme-font:major-latin;\ncolor:black\"> (doustna\/ przezsk\u00f3rna\/ dopochwowa\/ implanty\/ wk\u0142adki domaciczne)<\/span><span style=\"font-size: 13.5pt; font-family: &quot;Calibri Light&quot;, sans-serif;\"><o:p><\/o:p><\/span><\/p><p style=\"margin: 0cm 0cm 19.5pt 36pt; text-indent: -18pt; background-image: initial; background-position: initial; background-size: initial; background-repeat: initial; background-attachment: initial; background-origin: initial; background-clip: initial;\"><!--[if !supportLists]--><span style=\"font-size: 13.5pt; font-family: Wingdings;\">\u00a7<span style=\"font-variant-numeric: normal; font-variant-east-asian: normal; font-stretch: normal; font-size: 7pt; line-height: normal; font-family: &quot;Times New Roman&quot;;\">&nbsp;\n<\/span><\/span><!--[endif]--><b><span style=\"font-size:16.0pt;font-family:\n&quot;Calibri Light&quot;,sans-serif;mso-ascii-theme-font:major-latin;mso-hansi-theme-font:\nmajor-latin;mso-bidi-theme-font:major-latin;color:black\">leczenie schorze\u0144<\/span><\/b><span style=\"font-size:16.0pt;font-family:&quot;Calibri Light&quot;,sans-serif;mso-ascii-theme-font:\nmajor-latin;mso-hansi-theme-font:major-latin;mso-bidi-theme-font:major-latin;\ncolor:black\"> zapalnych, mi\u0119\u015bniak\u00f3w, endometriozy narz\u0105du rodnego<\/span><span style=\"font-size: 13.5pt; font-family: &quot;Calibri Light&quot;, sans-serif;\"><o:p><\/o:p><\/span><\/p><p style=\"margin: 0cm 0cm 19.5pt 36pt; text-indent: -18pt; background-image: initial; background-position: initial; background-size: initial; background-repeat: initial; background-attachment: initial; background-origin: initial; background-clip: initial;\"><!--[if !supportLists]--><span style=\"font-size: 13.5pt; font-family: Wingdings;\">\u00a7<span style=\"font-variant-numeric: normal; font-variant-east-asian: normal; font-stretch: normal; font-size: 7pt; line-height: normal; font-family: &quot;Times New Roman&quot;;\">&nbsp;\n<\/span><\/span><!--[endif]--><b><span style=\"font-size:16.0pt;font-family:\n&quot;Calibri Light&quot;,sans-serif;mso-ascii-theme-font:major-latin;mso-hansi-theme-font:\nmajor-latin;mso-bidi-theme-font:major-latin;color:black\">leczenie zaburze\u0144\nhormonalnych <\/span><\/b><span style=\"font-size:16.0pt;font-family:&quot;Calibri Light&quot;,sans-serif;\nmso-ascii-theme-font:major-latin;mso-hansi-theme-font:major-latin;mso-bidi-theme-font:\nmajor-latin;color:black\">osi podwzg\u00f3rze-przysadka- jajnik<\/span><span style=\"font-size: 13.5pt; font-family: &quot;Calibri Light&quot;, sans-serif;\"><o:p><\/o:p><\/span><\/p><p style=\"margin: 0cm 0cm 19.5pt 36pt; text-indent: -18pt; background-image: initial; background-position: initial; background-size: initial; background-repeat: initial; background-attachment: initial; background-origin: initial; background-clip: initial;\"><!--[if !supportLists]--><span style=\"font-size: 13.5pt; font-family: Wingdings;\">\u00a7<span style=\"font-variant-numeric: normal; font-variant-east-asian: normal; font-stretch: normal; font-size: 7pt; line-height: normal; font-family: &quot;Times New Roman&quot;;\">&nbsp;\n<\/span><\/span><!--[endif]--><b><span style=\"font-size:16.0pt;font-family:\n&quot;Calibri Light&quot;,sans-serif;mso-ascii-theme-font:major-latin;mso-hansi-theme-font:\nmajor-latin;mso-bidi-theme-font:major-latin;color:black\">diagnostyka chor\u00f3b\nnowotworowych<\/span><\/b><span style=\"font-size:16.0pt;font-family:&quot;Calibri Light&quot;,sans-serif;\nmso-ascii-theme-font:major-latin;mso-hansi-theme-font:major-latin;mso-bidi-theme-font:\nmajor-latin;color:black\"> narz\u0105du rodnego zgodnie z najnowszymi algorytmami\n(IOTA)<\/span><span style=\"font-size: 13.5pt; font-family: &quot;Calibri Light&quot;, sans-serif;\"><o:p><\/o:p><\/span><\/p><p style=\"margin: 0cm 0cm 19.5pt 36pt; text-indent: -18pt; background-image: initial; background-position: initial; background-size: initial; background-repeat: initial; background-attachment: initial; background-origin: initial; background-clip: initial;\"><!--[if !supportLists]--><span style=\"font-size: 13.5pt; font-family: Wingdings;\">\u00a7<span style=\"font-variant-numeric: normal; font-variant-east-asian: normal; font-stretch: normal; font-size: 7pt; line-height: normal; font-family: &quot;Times New Roman&quot;;\">&nbsp;\n<\/span><\/span><!--[endif]--><b><span style=\"font-size:16.0pt;font-family:\n&quot;Calibri Light&quot;,sans-serif;mso-ascii-theme-font:major-latin;mso-hansi-theme-font:\nmajor-latin;mso-bidi-theme-font:major-latin;color:black\">diagnostyka i leczenie\nnietrzymania moczu<\/span><\/b><span style=\"font-size:16.0pt;font-family:&quot;Calibri Light&quot;,sans-serif;\nmso-ascii-theme-font:major-latin;mso-hansi-theme-font:major-latin;mso-bidi-theme-font:\nmajor-latin;color:black\"> (badania ultrasonograficzne mi\u0119\u015bni dna miednicy)<\/span><span style=\"font-size: 13.5pt; font-family: &quot;Calibri Light&quot;, sans-serif;\"><o:p><\/o:p><\/span><\/p><p style=\"margin: 0cm 0cm 19.5pt 36pt; text-indent: -18pt; background-image: initial; background-position: initial; background-size: initial; background-repeat: initial; background-attachment: initial; background-origin: initial; background-clip: initial;\"><!--[if !supportLists]--><span style=\"font-size: 13.5pt; font-family: Wingdings;\">\u00a7<span style=\"font-variant-numeric: normal; font-variant-east-asian: normal; font-stretch: normal; font-size: 7pt; line-height: normal; font-family: &quot;Times New Roman&quot;;\">&nbsp;\n<\/span><\/span><!--[endif]--><b><span style=\"font-size:16.0pt;font-family:\n&quot;Calibri Light&quot;,sans-serif;mso-ascii-theme-font:major-latin;mso-hansi-theme-font:\nmajor-latin;mso-bidi-theme-font:major-latin;color:black\">badania\nultrasonograficzne piersi<\/span><\/b><span style=\"font-size:16.0pt;font-family:\n&quot;Calibri Light&quot;,sans-serif;mso-ascii-theme-font:major-latin;mso-hansi-theme-font:\nmajor-latin;mso-bidi-theme-font:major-latin;color:black\"> (certyfikat\ndiagnostyki ultrasonograficznej gruczo\u0142u piersiowego Sekcji Ultrasonografii\noraz Sekcji Senologicznej Polskiego Towarzystwa Ginekolog\u00f3w i Po\u0142o\u017cnik\u00f3w-\nPTGiP)<\/span><span style=\"font-size: 13.5pt; font-family: &quot;Calibri Light&quot;, sans-serif;\"><o:p><\/o:p><\/span><\/p><p style=\"margin: 0cm 0cm 19.5pt 36pt; text-indent: -18pt; background-image: initial; background-position: initial; background-size: initial; background-repeat: initial; background-attachment: initial; background-origin: initial; background-clip: initial;\"><!--[if !supportLists]--><span style=\"font-size: 13.5pt; font-family: Wingdings;\">\u00a7<span style=\"font-variant-numeric: normal; font-variant-east-asian: normal; font-stretch: normal; font-size: 7pt; line-height: normal; font-family: &quot;Times New Roman&quot;;\">&nbsp; <\/span><\/span><!--[endif]--><b><span style=\"font-size:16.0pt;font-family:&quot;Calibri Light&quot;,sans-serif;mso-ascii-theme-font:\nmajor-latin;mso-hansi-theme-font:major-latin;mso-bidi-theme-font:major-latin;\ncolor:black;mso-color-alt:windowtext\">prowadzenie ci\u0105\u017cy<\/span><\/b><span style=\"font-size:16.0pt;font-family:&quot;Calibri Light&quot;,sans-serif;mso-ascii-theme-font:\nmajor-latin;mso-hansi-theme-font:major-latin;mso-bidi-theme-font:major-latin;\ncolor:black;mso-color-alt:windowtext\"> <b>fizjologicznej i patologicznej<\/b>\n(certyfikat Sekcji Ultrasonografii Polskiego Towarzystwa Ginekolog\u00f3w i\nPo\u0142o\u017cnik\u00f3w &#8211; PTGiP w zakresie wykonywania bada\u0144 ultrasonograficznych<br>\nw po\u0142o\u017cnictwie i ginekologii)<\/span><span style=\"font-size: 13.5pt; font-family: &quot;Calibri Light&quot;, sans-serif;\"><o:p><\/o:p><\/span><\/p><p style=\"margin: 0cm 0cm 19.5pt; background-image: initial; background-position: initial; background-size: initial; background-repeat: initial; background-attachment: initial; background-origin: initial; background-clip: initial;\">\n\n\n\n\n\n\n\n\n\n\n\n\n\n\n\n<\/p><p style=\"margin: 0cm 0cm 19.5pt 36pt; text-indent: -18pt; background-image: initial; background-position: initial; background-size: initial; background-repeat: initial; background-attachment: initial; background-origin: initial; background-clip: initial;\"><!--[if !supportLists]--><span style=\"font-size:18.0pt;\nfont-family:Wingdings;mso-fareast-font-family:Wingdings;mso-bidi-font-family:\nWingdings\">\u00a7<span style=\"font-variant-numeric: normal; font-variant-east-asian: normal; font-stretch: normal; font-size: 7pt; line-height: normal; font-family: &quot;Times New Roman&quot;;\">&nbsp;\n<\/span><\/span><!--[endif]--><b><span style=\"font-size:16.0pt;font-family:\n&quot;Calibri Light&quot;,sans-serif;mso-ascii-theme-font:major-latin;mso-hansi-theme-font:\nmajor-latin;mso-bidi-theme-font:major-latin;color:black\">badania prenatalne <span style=\"background-image: initial; background-position: initial; background-size: initial; background-repeat: initial; background-attachment: initial; background-origin: initial; background-clip: initial;\">z u\u017cyciem technik 3D\/4D<\/span><\/span><\/b><span style=\"font-size:16.0pt;font-family:&quot;Calibri Light&quot;,sans-serif;mso-ascii-theme-font:\nmajor-latin;mso-hansi-theme-font:major-latin;mso-bidi-theme-font:major-latin;\ncolor:black\"> wg standardu FMF czyli Fundacji Medycyny P\u0142odowej w Londynie (<span style=\"background-image: initial; background-position: initial; background-size: initial; background-repeat: initial; background-attachment: initial; background-origin: initial; background-clip: initial;\">liczne certyfikaty i coroczne audyty specjalisty Fetal\nMedicine Foundation w zakresie bada\u0144 prenatalnych)&nbsp;<\/span><\/span><span style=\"font-size:18.0pt;font-family:&quot;Calibri Light&quot;,sans-serif;mso-ascii-theme-font:\nmajor-latin;mso-hansi-theme-font:major-latin;mso-bidi-theme-font:major-latin\"><o:p><\/o:p><\/span><\/p>\t\t\t\t\t\t\t\t<\/div>\n\t\t\t\t<\/div>\n\t\t\t\t<div class=\"elementor-element elementor-element-3486655 elementor-widget elementor-widget-image\" data-id=\"3486655\" data-element_type=\"widget\" data-e-type=\"widget\" data-widget_type=\"image.default\">\n\t\t\t\t<div class=\"elementor-widget-container\">\n\t\t\t\t\t\t\t\t\t\t\t\t\t\t\t<img fetchpriority=\"high\" decoding=\"async\" width=\"1024\" height=\"561\" src=\"https:\/\/dominikahudziak.pl\/wp-content\/uploads\/2019\/12\/dominika.hudziak-gabinet-1024x561.jpg\" class=\"attachment-large size-large wp-image-112\" alt=\"\" srcset=\"https:\/\/dominikahudziak.pl\/wp-content\/uploads\/2019\/12\/dominika.hudziak-gabinet-1024x561.jpg 1024w, https:\/\/dominikahudziak.pl\/wp-content\/uploads\/2019\/12\/dominika.hudziak-gabinet-300x164.jpg 300w, https:\/\/dominikahudziak.pl\/wp-content\/uploads\/2019\/12\/dominika.hudziak-gabinet-768x421.jpg 768w, https:\/\/dominikahudziak.pl\/wp-content\/uploads\/2019\/12\/dominika.hudziak-gabinet.jpg 1280w\" sizes=\"(max-width: 1024px) 100vw, 1024px\" \/>\t\t\t\t\t\t\t\t\t\t\t\t\t\t\t<\/div>\n\t\t\t\t<\/div>\n\t\t\t\t\t<\/div>\n\t\t<\/div>\n\t\t\t\t\t<\/div>\n\t\t<\/section>\n\t\t\t\t<\/div>\n\t\t","protected":false},"excerpt":{"rendered":"<p>\u00a7&nbsp; badania profilaktyczne \u00a7&nbsp; antykoncepcja (doustna\/ przezsk\u00f3rna\/ dopochwowa\/ implanty\/ wk\u0142adki domaciczne) \u00a7&nbsp; leczenie schorze\u0144 zapalnych, mi\u0119\u015bniak\u00f3w, endometriozy narz\u0105du rodnego \u00a7&nbsp; leczenie zaburze\u0144 hormonalnych osi podwzg\u00f3rze-przysadka- jajnik \u00a7&nbsp; diagnostyka chor\u00f3b nowotworowych narz\u0105du rodnego zgodnie z najnowszymi algorytmami (IOTA) \u00a7&nbsp; diagnostyka i leczenie nietrzymania moczu (badania ultrasonograficzne mi\u0119\u015bni dna miednicy) \u00a7&nbsp; badania ultrasonograficzne piersi (certyfikat diagnostyki ultrasonograficznej &hellip; <\/p>\n","protected":false},"author":1,"featured_media":0,"parent":0,"menu_order":0,"comment_status":"closed","ping_status":"closed","template":"","meta":{"footnotes":""},"class_list":["post-7","page","type-page","status-publish","hentry"],"yoast_head":"<!-- This site is optimized with the Yoast SEO plugin v26.9 - https:\/\/yoast.com\/product\/yoast-seo-wordpress\/ -->\n<title>Zakres us\u0142ug - Indywidualna Specjalistyczna Praktyka Lekarska Dominika Hudziak<\/title>\n<meta name=\"description\" content=\"zakres us\u0142ug, badanie, leczenie, USG, wizyty kompleksowe\" \/>\n<meta name=\"robots\" content=\"index, follow, max-snippet:-1, max-image-preview:large, max-video-preview:-1\" \/>\n<link rel=\"canonical\" href=\"https:\/\/dominikahudziak.pl\/index.php\/pl\/zakres-uslug\/\" \/>\n<meta property=\"og:locale\" content=\"pl_PL\" \/>\n<meta property=\"og:type\" content=\"article\" \/>\n<meta property=\"og:title\" content=\"Zakres us\u0142ug - Indywidualna Specjalistyczna Praktyka Lekarska Dominika Hudziak\" \/>\n<meta property=\"og:description\" content=\"zakres us\u0142ug, badanie, leczenie, USG, wizyty kompleksowe\" \/>\n<meta property=\"og:url\" content=\"https:\/\/dominikahudziak.pl\/index.php\/pl\/zakres-uslug\/\" \/>\n<meta property=\"og:site_name\" content=\"Indywidualna Specjalistyczna Praktyka Lekarska Dominika Hudziak\" \/>\n<meta property=\"article:modified_time\" content=\"2022-08-05T17:08:08+00:00\" \/>\n<meta property=\"og:image\" content=\"https:\/\/dominikahudziak.pl\/wp-content\/uploads\/2019\/12\/dominika.hudziak-gabinet-1024x561.jpg\" \/>\n<meta name=\"twitter:card\" content=\"summary_large_image\" \/>\n<meta name=\"twitter:label1\" content=\"Szacowany czas czytania\" \/>\n\t<meta name=\"twitter:data1\" content=\"1 minuta\" \/>\n<script type=\"application\/ld+json\" class=\"yoast-schema-graph\">{\"@context\":\"https:\/\/schema.org\",\"@graph\":[{\"@type\":\"WebPage\",\"@id\":\"https:\/\/dominikahudziak.pl\/index.php\/pl\/zakres-uslug\/\",\"url\":\"https:\/\/dominikahudziak.pl\/index.php\/pl\/zakres-uslug\/\",\"name\":\"Zakres us\u0142ug - Indywidualna Specjalistyczna Praktyka Lekarska Dominika Hudziak\",\"isPartOf\":{\"@id\":\"https:\/\/dominikahudziak.pl\/#website\"},\"primaryImageOfPage\":{\"@id\":\"https:\/\/dominikahudziak.pl\/index.php\/pl\/zakres-uslug\/#primaryimage\"},\"image\":{\"@id\":\"https:\/\/dominikahudziak.pl\/index.php\/pl\/zakres-uslug\/#primaryimage\"},\"thumbnailUrl\":\"https:\/\/dominikahudziak.pl\/wp-content\/uploads\/2019\/12\/dominika.hudziak-gabinet-1024x561.jpg\",\"datePublished\":\"2019-04-16T23:11:11+00:00\",\"dateModified\":\"2022-08-05T17:08:08+00:00\",\"description\":\"zakres us\u0142ug, badanie, leczenie, USG, wizyty kompleksowe\",\"breadcrumb\":{\"@id\":\"https:\/\/dominikahudziak.pl\/index.php\/pl\/zakres-uslug\/#breadcrumb\"},\"inLanguage\":\"pl-PL\",\"potentialAction\":[{\"@type\":\"ReadAction\",\"target\":[\"https:\/\/dominikahudziak.pl\/index.php\/pl\/zakres-uslug\/\"]}]},{\"@type\":\"ImageObject\",\"inLanguage\":\"pl-PL\",\"@id\":\"https:\/\/dominikahudziak.pl\/index.php\/pl\/zakres-uslug\/#primaryimage\",\"url\":\"https:\/\/dominikahudziak.pl\/wp-content\/uploads\/2019\/12\/dominika.hudziak-gabinet.jpg\",\"contentUrl\":\"https:\/\/dominikahudziak.pl\/wp-content\/uploads\/2019\/12\/dominika.hudziak-gabinet.jpg\",\"width\":1280,\"height\":701},{\"@type\":\"BreadcrumbList\",\"@id\":\"https:\/\/dominikahudziak.pl\/index.php\/pl\/zakres-uslug\/#breadcrumb\",\"itemListElement\":[{\"@type\":\"ListItem\",\"position\":1,\"name\":\"Strona g\u0142\u00f3wna\",\"item\":\"https:\/\/dominikahudziak.pl\/\"},{\"@type\":\"ListItem\",\"position\":2,\"name\":\"Zakres us\u0142ug\"}]},{\"@type\":\"WebSite\",\"@id\":\"https:\/\/dominikahudziak.pl\/#website\",\"url\":\"https:\/\/dominikahudziak.pl\/\",\"name\":\"Indywidualna Specjalistyczna Praktyka Lekarska Dominika Hudziak\",\"description\":\"Gabinet ginekologiczny ul.Wyzwolenia 26\",\"potentialAction\":[{\"@type\":\"SearchAction\",\"target\":{\"@type\":\"EntryPoint\",\"urlTemplate\":\"https:\/\/dominikahudziak.pl\/?s={search_term_string}\"},\"query-input\":{\"@type\":\"PropertyValueSpecification\",\"valueRequired\":true,\"valueName\":\"search_term_string\"}}],\"inLanguage\":\"pl-PL\"}]}<\/script>\n<!-- \/ Yoast SEO plugin. -->","yoast_head_json":{"title":"Zakres us\u0142ug - Indywidualna Specjalistyczna Praktyka Lekarska Dominika Hudziak","description":"zakres us\u0142ug, badanie, leczenie, USG, wizyty kompleksowe","robots":{"index":"index","follow":"follow","max-snippet":"max-snippet:-1","max-image-preview":"max-image-preview:large","max-video-preview":"max-video-preview:-1"},"canonical":"https:\/\/dominikahudziak.pl\/index.php\/pl\/zakres-uslug\/","og_locale":"pl_PL","og_type":"article","og_title":"Zakres us\u0142ug - Indywidualna Specjalistyczna Praktyka Lekarska Dominika Hudziak","og_description":"zakres us\u0142ug, badanie, leczenie, USG, wizyty kompleksowe","og_url":"https:\/\/dominikahudziak.pl\/index.php\/pl\/zakres-uslug\/","og_site_name":"Indywidualna Specjalistyczna Praktyka Lekarska Dominika Hudziak","article_modified_time":"2022-08-05T17:08:08+00:00","og_image":[{"url":"https:\/\/dominikahudziak.pl\/wp-content\/uploads\/2019\/12\/dominika.hudziak-gabinet-1024x561.jpg","type":"","width":"","height":""}],"twitter_card":"summary_large_image","twitter_misc":{"Szacowany czas czytania":"1 minuta"},"schema":{"@context":"https:\/\/schema.org","@graph":[{"@type":"WebPage","@id":"https:\/\/dominikahudziak.pl\/index.php\/pl\/zakres-uslug\/","url":"https:\/\/dominikahudziak.pl\/index.php\/pl\/zakres-uslug\/","name":"Zakres us\u0142ug - Indywidualna Specjalistyczna Praktyka Lekarska Dominika Hudziak","isPartOf":{"@id":"https:\/\/dominikahudziak.pl\/#website"},"primaryImageOfPage":{"@id":"https:\/\/dominikahudziak.pl\/index.php\/pl\/zakres-uslug\/#primaryimage"},"image":{"@id":"https:\/\/dominikahudziak.pl\/index.php\/pl\/zakres-uslug\/#primaryimage"},"thumbnailUrl":"https:\/\/dominikahudziak.pl\/wp-content\/uploads\/2019\/12\/dominika.hudziak-gabinet-1024x561.jpg","datePublished":"2019-04-16T23:11:11+00:00","dateModified":"2022-08-05T17:08:08+00:00","description":"zakres us\u0142ug, badanie, leczenie, USG, wizyty kompleksowe","breadcrumb":{"@id":"https:\/\/dominikahudziak.pl\/index.php\/pl\/zakres-uslug\/#breadcrumb"},"inLanguage":"pl-PL","potentialAction":[{"@type":"ReadAction","target":["https:\/\/dominikahudziak.pl\/index.php\/pl\/zakres-uslug\/"]}]},{"@type":"ImageObject","inLanguage":"pl-PL","@id":"https:\/\/dominikahudziak.pl\/index.php\/pl\/zakres-uslug\/#primaryimage","url":"https:\/\/dominikahudziak.pl\/wp-content\/uploads\/2019\/12\/dominika.hudziak-gabinet.jpg","contentUrl":"https:\/\/dominikahudziak.pl\/wp-content\/uploads\/2019\/12\/dominika.hudziak-gabinet.jpg","width":1280,"height":701},{"@type":"BreadcrumbList","@id":"https:\/\/dominikahudziak.pl\/index.php\/pl\/zakres-uslug\/#breadcrumb","itemListElement":[{"@type":"ListItem","position":1,"name":"Strona g\u0142\u00f3wna","item":"https:\/\/dominikahudziak.pl\/"},{"@type":"ListItem","position":2,"name":"Zakres us\u0142ug"}]},{"@type":"WebSite","@id":"https:\/\/dominikahudziak.pl\/#website","url":"https:\/\/dominikahudziak.pl\/","name":"Indywidualna Specjalistyczna Praktyka Lekarska Dominika Hudziak","description":"Gabinet ginekologiczny ul.Wyzwolenia 26","potentialAction":[{"@type":"SearchAction","target":{"@type":"EntryPoint","urlTemplate":"https:\/\/dominikahudziak.pl\/?s={search_term_string}"},"query-input":{"@type":"PropertyValueSpecification","valueRequired":true,"valueName":"search_term_string"}}],"inLanguage":"pl-PL"}]}},"_links":{"self":[{"href":"https:\/\/dominikahudziak.pl\/index.php\/wp-json\/wp\/v2\/pages\/7","targetHints":{"allow":["GET"]}}],"collection":[{"href":"https:\/\/dominikahudziak.pl\/index.php\/wp-json\/wp\/v2\/pages"}],"about":[{"href":"https:\/\/dominikahudziak.pl\/index.php\/wp-json\/wp\/v2\/types\/page"}],"author":[{"embeddable":true,"href":"https:\/\/dominikahudziak.pl\/index.php\/wp-json\/wp\/v2\/users\/1"}],"replies":[{"embeddable":true,"href":"https:\/\/dominikahudziak.pl\/index.php\/wp-json\/wp\/v2\/comments?post=7"}],"version-history":[{"count":40,"href":"https:\/\/dominikahudziak.pl\/index.php\/wp-json\/wp\/v2\/pages\/7\/revisions"}],"predecessor-version":[{"id":255,"href":"https:\/\/dominikahudziak.pl\/index.php\/wp-json\/wp\/v2\/pages\/7\/revisions\/255"}],"wp:attachment":[{"href":"https:\/\/dominikahudziak.pl\/index.php\/wp-json\/wp\/v2\/media?parent=7"}],"curies":[{"name":"wp","href":"https:\/\/api.w.org\/{rel}","templated":true}]}}